{"id":833,"date":"2025-04-09T00:12:52","date_gmt":"2025-04-09T00:12:52","guid":{"rendered":"https:\/\/dagobertovelasquez.com\/home\/"},"modified":"2025-06-16T00:49:49","modified_gmt":"2025-06-16T00:49:49","slug":"inicio","status":"publish","type":"page","link":"https:\/\/dagobertovelasquez.com\/en\/","title":{"rendered":"Home"},"content":{"rendered":"<div class=\"wp-block-uagb-container uagb-layout-grid uagb-block-fe83ce66 alignfull uagb-is-root-container\">\n<div class=\"wp-block-uagb-info-box uagb-block-701661e2 uagb-infobox__content-wrap  uagb-infobox-icon-above-title uagb-infobox-image-valign-top wp-block-uagb-info-box--has-margin\"><div class=\"uagb-infobox-margin-wrapper\"><div class=\"uagb-ifb-content\"><div class=\"uagb-ifb-title-wrap\"><h1 class=\"uagb-ifb-title\"><br>  DAGOBERTO VEL\u00c1SQUEZ<\/h1><\/div><div class=\"uagb-ifb-separator\"><\/div><div class=\"uagb-ifb-button-wrapper uagb-ifb-button-type-text wp-block-button\"><a href=\"https:\/\/wa.link\/muj1z9\" target=\"_blank\" onclick=\"return true;\" class=\"uagb-infobox-cta-link wp-block-button__link\" rel=\"noopener noreferrer\"><span class=\"uagb-inline-editing\"><\/span><\/a><\/div><\/div><\/div><\/div>\n\n\n\n<div data-aos= \"fade-right\" data-aos-duration=\"400\" data-aos-delay=\"0\" data-aos-easing=\"ease\" data-aos-once=\"true\" class=\"wp-block-uagb-info-box uagb-block-225d4946 uagb-infobox__content-wrap  uagb-infobox-icon-above-title uagb-infobox-image-valign-top wp-block-uagb-info-box--has-margin\"><div class=\"uagb-infobox-margin-wrapper\"><div class=\"uagb-ifb-content\"><div class=\"uagb-ifb-title-wrap\"><h1 class=\"uagb-ifb-title-prefix\">  Lawyer and Public Notary.<\/h1><\/div><p class=\"uagb-ifb-desc\">  Specialist in Civil and Family Procedural Law. Legal Consulting, Legal Procedures, Judicial Proceedings, and Notary Public.<\/p><div class=\"uagb-ifb-button-wrapper wp-block-button\"><a href=\"https:\/\/wa.link\/muj1z9\" class=\"uagb-infobox-cta-link wp-block-button__link\" target=\"_blank\" rel=\"noopener noreferrer\" onclick=\"return true;\"><span class=\"uagb-inline-editing\">Contact Now<\/span><\/a><\/div><\/div><\/div><\/div>\n<\/div>\n\n\n\n<div class=\"wp-block-uagb-container uagb-block-ef2d6986 alignfull uagb-is-root-container\"><div class=\"uagb-container-inner-blocks-wrap\">\n<div class=\"wp-block-uagb-container uagb-block-18a32e49\">\n<div data-aos= \"slide-right\" data-aos-duration=\"400\" data-aos-delay=\"0\" data-aos-easing=\"ease\" data-aos-once=\"true\" class=\"wp-block-uagb-info-box uagb-block-624a8694 uagb-infobox__content-wrap  uagb-infobox-icon-above-title uagb-infobox-image-valign-top wp-block-uagb-info-box--has-margin\"><div class=\"uagb-infobox-margin-wrapper\"><div class=\"uagb-ifb-content\"><div class=\"uagb-ifb-separator\"><\/div><div class=\"uagb-ifb-title-wrap\"><h2 class=\"uagb-ifb-title-prefix\">About Me<\/h2><h6 class=\"uagb-ifb-title\">Lawyer and Public Notary.<\/h6><\/div><p class=\"uagb-ifb-desc\">I am Mr. Dagoberto Vel\u00e1squez, and I have over a decade of experience offering legal advice and representation with ethics, commitment, and results. My professional approach is focused on providing personalized, efficient, and high-quality legal services. I am ready to assist you in your legal proceedings, legal representation, legal advice, and notary public services. I have a team of highly qualified attorneys ready to support you.&nbsp;<br>Representamos tanto a clientes nacionales como extranjeros, a nivel individual o empresarial.<br>I specialized in Civil and Family Law, areas I have furthered through advanced studies at the Institute of Advanced Judicial Studies. I have completed postgraduate degrees in Oral Procedure with a Gender Perspective, Civil Procedural Law, and Enforcement, which allows me to represent my clients with a comprehensive and strategic approach.<br>I treat every case I take on with absolute confidentiality and dedication. My goal is to provide clear, effective legal solutions tailored to the specific needs of each person or company that places their trust in me. <\/p><\/div><\/div><\/div>\n\n\n\n<div class=\"wp-block-uagb-buttons uagb-buttons__outer-wrap uagb-btn__default-btn uagb-btn-tablet__default-btn uagb-btn-mobile__default-btn uagb-block-33e45f63\"><div class=\"uagb-buttons__wrap uagb-buttons-layout-wrap\">\n<div class=\"wp-block-uagb-buttons-child uagb-buttons__outer-wrap uagb-block-c36cc905 wp-block-button is-style-outline\"><div class=\"uagb-button__wrapper\"><a class=\"uagb-buttons-repeater wp-block-button__link\" aria-label=\"\" href=\"https:\/\/wa.link\/muj1z9\" rel=\"follow noopener\" target=\"_blank\" role=\"button\"><div class=\"uagb-button__link\">Contact Me<\/div><\/a><\/div><\/div>\n<\/div><\/div>\n<\/div>\n\n\n\n<div class=\"wp-block-uagb-container uagb-block-fab8ac2b\">\n<div data-aos= \"flip-right\" data-aos-duration=\"400\" data-aos-delay=\"0\" data-aos-easing=\"ease\" data-aos-once=\"true\" class=\"wp-block-uagb-image alignright uagb-block-1906db38 wp-block-uagb-image--layout-default wp-block-uagb-image--effect-static wp-block-uagb-image--align-right\"><figure class=\"wp-block-uagb-image__figure\"><img decoding=\"async\" srcset=\"https:\/\/dagobertovelasquez.com\/wp-content\/uploads\/2025\/04\/HDG-Dagoberto-Velazquez-Ejecutivo-4-819x1024.jpg ,https:\/\/dagobertovelasquez.com\/wp-content\/uploads\/2025\/04\/HDG-Dagoberto-Velazquez-Ejecutivo-4-scaled.jpg 780w, https:\/\/dagobertovelasquez.com\/wp-content\/uploads\/2025\/04\/HDG-Dagoberto-Velazquez-Ejecutivo-4-scaled.jpg 360w\" sizes=\"auto, (max-width: 480px) 150px\" src=\"https:\/\/dagobertovelasquez.com\/wp-content\/uploads\/2025\/04\/HDG-Dagoberto-Velazquez-Ejecutivo-4-819x1024.jpg\" alt=\"Abogado en Nicaragua\" class=\"uag-image-2290\" width=\"411\" height=\"514\" title=\"HDG - Dagoberto Velazquez - Ejecutivo - (4)\" loading=\"lazy\" role=\"img\"\/><\/figure><\/div>\n<\/div>\n<\/div><\/div>\n\n\n\n<div data-aos= \"slide-right\" data-aos-duration=\"400\" data-aos-delay=\"0\" data-aos-easing=\"ease\" data-aos-once=\"true\" class=\"wp-block-uagb-advanced-heading uagb-block-9b579b9b\"><h3 class=\"uagb-heading-text\">My Mission<\/h3><\/div>\n\n\n\n<p class=\"has-text-align-center\">Provide legal advice and representation with integrity, efficiency, and commitment, offering personalized legal solutions that guarantee the protection of our clients' rights and interests at every stage of their legal process.<\/p>\n\n\n\n<div data-aos= \"slide-right\" data-aos-duration=\"400\" data-aos-delay=\"0\" data-aos-easing=\"ease\" data-aos-once=\"true\" class=\"wp-block-uagb-advanced-heading uagb-block-b40c7826\"><h3 class=\"uagb-heading-text\">My Vision<\/h3><\/div>\n\n\n\n<p class=\"has-text-align-center\">To be a trusted and excellent reference in the legal field, recognized for the quality of service, humane attention, and professionalism in the defense and management of our clients' legal matters nationwide.<\/p>\n\n\n\n<div data-aos= \"slide-right\" data-aos-duration=\"400\" data-aos-delay=\"0\" data-aos-easing=\"ease\" data-aos-once=\"true\" class=\"wp-block-uagb-advanced-heading uagb-block-31a20d10\"><h3 class=\"uagb-heading-text\">My Values<\/h3><\/div>\n\n\n\n<p class=\"has-text-align-center\"><strong>1) Ethics<br><\/strong>Act with honesty, transparency, and responsibility in every legal decision and action.<\/p>\n\n\n\n<p class=\"has-text-align-center\"><strong>2) Commitment<br><\/strong>Take on each case with total dedication, always ensuring the client's well-being and interests.<\/p>\n\n\n\n<p class=\"has-text-align-center has-medium-font-size\">3) <strong>Confidentiality<\/strong><br>Ensure the discretion and absolute protection of each client's legal and personal information.<\/p>\n\n\n\n<p class=\"has-text-align-center\">4) <strong>4) Excellence<\/strong><br>Maintain high standards of professional quality, constant legal updating, and efficient service.<\/p>\n\n\n\n<p class=\"has-text-align-center\">5) <strong>Empathy<\/strong><br>Listen, understand, and accompany each client with closeness and respect throughout their legal process.<\/p>\n\n\n\n<div data-aos= \"slide-right\" data-aos-duration=\"400\" data-aos-delay=\"0\" data-aos-easing=\"ease\" data-aos-once=\"true\" class=\"wp-block-uagb-advanced-heading uagb-block-51136492\"><h3 class=\"uagb-heading-text\">Notar\u00eda P\u00fablica y Otros Servicios<\/h3><\/div>\n\n\n\n<p class=\"has-text-align-center\">If you need a notary public or any other legal service, I invite you to visit my Legal Services section to learn about the practice areas where I can help you. <\/p>\n\n\n\n<div class=\"wp-block-buttons is-content-justification-center is-layout-flex wp-container-core-buttons-is-layout-1 wp-block-buttons-is-layout-flex\">\n<div class=\"wp-block-button\"><a class=\"wp-block-button__link wp-element-button\" href=\"https:\/\/dagobertovelasquez.com\/en\/servicios\/\">Go to Legal Services<\/a><\/div>\n<\/div>\n\n\n\n<div data-aos= \"slide-right\" data-aos-duration=\"400\" data-aos-delay=\"0\" data-aos-easing=\"ease\" data-aos-once=\"true\" class=\"wp-block-uagb-advanced-heading uagb-block-689fc8ef\"><h3 class=\"uagb-heading-text\">My Office<\/h3><\/div>\n\n\n\n<div data-aos= \"slide-right\" data-aos-duration=\"400\" data-aos-delay=\"0\" data-aos-easing=\"ease\" data-aos-once=\"true\" class=\"wp-block-uagb-info-box uagb-block-12402cde uagb-infobox__content-wrap  uagb-infobox-icon-above-title uagb-infobox-image-valign-top wp-block-uagb-info-box--has-margin\"><div class=\"uagb-infobox-margin-wrapper\"><div class=\"uagb-ifb-content\"><div class=\"uagb-ifb-title-wrap\"><h4 class=\"uagb-ifb-title\">Address<\/h4><\/div><p class=\"uagb-ifb-desc\">From San Jer\u00f3nimo Church, two and a half blocks east, Masaya, Nicaragua.<\/p><\/div><\/div><\/div>\n\n\n\n<div class=\"wp-block-uagb-container uagb-block-e2d244fa alignfull uagb-is-root-container\"><div class=\"uagb-container-inner-blocks-wrap\">\n<div data-aos= \"slide-right\" data-aos-duration=\"400\" data-aos-delay=\"0\" data-aos-easing=\"ease\" data-aos-once=\"true\" class=\"wp-block-uagb-info-box uagb-block-a3db812f uagb-infobox__content-wrap  uagb-infobox-icon-above-title uagb-infobox-image-valign-top wp-block-uagb-info-box--has-margin\"><div class=\"uagb-infobox-margin-wrapper\"><div class=\"uagb-ifb-content\"><div class=\"uagb-ifb-title-wrap\"><h4 class=\"uagb-ifb-title\">Phone number:<\/h4><\/div><\/div><\/div><\/div>\n\n\n\n<div style=\"text-align: center;\">\n  <a href=\"https:\/\/wa.me\/50558049599\" target=\"_blank\" style=\"color: inherit; text-decoration: none;\">\n    Whatsapp: +505 5804 9599\n  <\/a>\n<\/div>\n\n\n\n<div data-aos= \"slide-right\" data-aos-duration=\"400\" data-aos-delay=\"0\" data-aos-easing=\"ease\" data-aos-once=\"true\" class=\"wp-block-uagb-info-box uagb-block-8b58aad4 uagb-infobox__content-wrap  uagb-infobox-icon-above-title uagb-infobox-image-valign-top wp-block-uagb-info-box--has-margin\"><div class=\"uagb-infobox-margin-wrapper\"><div class=\"uagb-ifb-content\"><div class=\"uagb-ifb-title-wrap\"><h4 class=\"uagb-ifb-title\">Email:<\/h4><\/div><\/div><\/div><\/div>\n\n\n\n<div style=\"text-align: center;\">\n  <a href=\"mailto:info@dagobertovelasquez.com\" style=\"color: inherit; text-decoration: none;\">\n    Email: info@dagobertovelasquez.com\n  <\/a>\n<\/div>\n\n\n\t\t\t<div data-aos= \"fade-right\" data-aos-duration=\"400\" data-aos-delay=\"0\" data-aos-easing=\"ease\" data-aos-once=\"true\" \n\t\t\tclass=\"wp-block-uagb-google-map uagb-google-map__wrap uagb-block-68f6589b\"\n\t\t\tstyle=\"\" >\n\t\t\t\t<embed\n\t\t\t\t\tclass=\"uagb-google-map__iframe\"\n\t\t\t\t\ttitle=\"Google Map for \"\n\t\t\t\t\tsrc=\"https:\/\/maps.google.com\/maps?q=dagoberto%20velasque&#038;z=12&#038;hl=en&#038;t=m&#038;output=embed&#038;iwloc=near\"\n\t\t\t\t\twidth=\"640\"\n\t\t\t\t\theight=\"300\"\n\t\t\t\t\tloading=\"lazy\"\n\t\t\t\t><\/embed>\n\t\t\t<\/div>\n\t\t\t<\/div><\/div>\n\n\n\n<div class=\"wp-block-uagb-container uagb-block-9ac580b3 alignfull uagb-is-root-container\"><div class=\"uagb-container-inner-blocks-wrap\">\n<div data-aos= \"slide-right\" data-aos-duration=\"400\" data-aos-delay=\"0\" data-aos-easing=\"ease\" data-aos-once=\"true\" class=\"wp-block-uagb-info-box uagb-block-bc876f4e uagb-infobox__content-wrap  uagb-infobox-icon-above-title uagb-infobox-image-valign-top\"><div class=\"uagb-ifb-content\"><div class=\"uagb-ifb-title-wrap\"><div class=\"uagb-ifb-separator\"><\/div><h2 class=\"uagb-ifb-title\">Videos:<\/h2><\/div><p class=\"uagb-ifb-desc\">In this section, you'll find videos with various legal tips and advice. <\/p><\/div><\/div>\n<\/div><\/div>\n\n\n\n<figure class=\"wp-block-embed is-type-video is-provider-youtube wp-block-embed-youtube wp-embed-aspect-16-9 wp-has-aspect-ratio\"><div class=\"wp-block-embed__wrapper\">\n<div class=\"ast-oembed-container\" style=\"height: 100%;\"><iframe loading=\"lazy\" title=\"\u00bfTienes problemas legales o necesitas asesor\u00eda jur\u00eddica? \u00a1Cont\u00e1ctanos hoy mismo!\" width=\"500\" height=\"281\" src=\"https:\/\/www.youtube.com\/embed\/L_i-Kgee06A?feature=oembed\" frameborder=\"0\" allow=\"accelerometer; autoplay; clipboard-write; encrypted-media; gyroscope; picture-in-picture; web-share\" referrerpolicy=\"strict-origin-when-cross-origin\" allowfullscreen><\/iframe><\/div>\n<\/div><\/figure>\n\n\n\n<figure class=\"wp-block-embed is-type-video is-provider-youtube wp-block-embed-youtube wp-embed-aspect-16-9 wp-has-aspect-ratio\"><div class=\"wp-block-embed__wrapper\">\n<div class=\"ast-oembed-container\" style=\"height: 100%;\"><iframe loading=\"lazy\" title=\"Si est\u00e1s en el extranjero, este video es para vos. \u2696\ufe0f\" width=\"500\" height=\"281\" src=\"https:\/\/www.youtube.com\/embed\/61z7v4fVSZc?feature=oembed\" frameborder=\"0\" allow=\"accelerometer; autoplay; clipboard-write; encrypted-media; gyroscope; picture-in-picture; web-share\" referrerpolicy=\"strict-origin-when-cross-origin\" allowfullscreen><\/iframe><\/div>\n<\/div><\/figure>\n\n\n\n<div class=\"wp-block-uagb-container uagb-block-2df7290f alignfull uagb-is-root-container\"><div class=\"uagb-container-inner-blocks-wrap\">\n<div data-aos= \"slide-right\" data-aos-duration=\"400\" data-aos-delay=\"0\" data-aos-easing=\"ease\" data-aos-once=\"true\" class=\"wp-block-uagb-info-box uagb-block-54f221bb uagb-infobox__content-wrap  uagb-infobox-icon-above-title uagb-infobox-image-valign-top\"><div class=\"uagb-ifb-content\"><div class=\"uagb-ifb-title-wrap\"><div class=\"uagb-ifb-separator\"><\/div><h2 class=\"uagb-ifb-title\">Customer Reviews:<\/h2><\/div><p class=\"uagb-ifb-desc\">Throughout my long career, I've had the satisfaction of building trust among my clients: this is what some of them have said:<\/p><\/div><\/div>\n\n\n\n<div data-aos= \"flip-right\" data-aos-duration=\"400\" data-aos-delay=\"0\" data-aos-easing=\"ease\" data-aos-once=\"true\" class=\"wp-block-uagb-testimonial uagb-slick-carousel uagb-tm__arrow-outside uagb-block-3c56913f uagb-post__carousel_notset\"><div class=\"is-carousel uagb-tm__columns-3 uagb-tm__items\"><div class=\"uagb-testimonial__wrap  uagb-tm__imgicon-style-circle uagb-tm__image-position-top uagb-tm__bg-type-color\"><div class=\"uagb-tm__content\"><div class=\"uagb-tm__overlay\"><\/div><div class=\"uagb-tm__image-content\"><div class=\"uagb-tm__image\"><img decoding=\"async\" class=\"uagb-tm-img-src\" src=\"https:\/\/dagobertovelasquez.com\/wp-content\/uploads\/2025\/04\/Captura-de-pantalla-2025-04-09-a-las-5.48.19\u202fp.-m.png\" alt=\"\" width=\"98\" height=\"102\" loading=\"lazy\"\/><\/div><\/div><div class=\"uagb-tm__text-wrap\"><div class=\"uagb-tm__desc\">I live in the Dominican Republic. My father is Nicaraguan by origin. We needed some birth certificates from Le\u00f3n, Nicaragua, and I hired him based on references from other clients who described him as a professional lawyer. I received excellent professional treatment and a wonderful attitude toward me. I would definitely recommend him.<\/div><div class=\"uagb-tm__meta-inner\"><div class=\"uagb-testimonial-details\"><span class=\"uagb-tm__author-name\"><br>Francisco Sanson<\/span><span class=\"uagb-tm__company\">Rep\u00fablica Dominicana<\/span><\/div><\/div><\/div><\/div><\/div><div class=\"uagb-testimonial__wrap  uagb-tm__imgicon-style-circle uagb-tm__image-position-top uagb-tm__bg-type-color\"><div class=\"uagb-tm__content\"><div class=\"uagb-tm__overlay\"><\/div><div class=\"uagb-tm__image-content\"><div class=\"uagb-tm__image\"><img decoding=\"async\" class=\"uagb-tm-img-src\" src=\"https:\/\/dagobertovelasquez.com\/wp-content\/uploads\/2025\/04\/Captura-de-pantalla-2025-04-09-a-las-5.49.41\u202fp.-m.png\" alt=\"\" width=\"98\" height=\"102\" loading=\"lazy\"\/><\/div><\/div><div class=\"uagb-tm__text-wrap\"><div class=\"uagb-tm__desc\">Quality and professional service. Always available to answer customer questions.<br>Full support throughout the legal process. Excellent service.<\/div><div class=\"uagb-tm__meta-inner\"><div class=\"uagb-testimonial-details\"><span class=\"uagb-tm__author-name\">Hilda Lara<\/span><span class=\"uagb-tm__company\">Nicaragua<\/span><\/div><\/div><\/div><\/div><\/div><div class=\"uagb-testimonial__wrap  uagb-tm__imgicon-style-circle uagb-tm__image-position-top uagb-tm__bg-type-color\"><div class=\"uagb-tm__content\"><div class=\"uagb-tm__overlay\"><\/div><div class=\"uagb-tm__image-content\"><div class=\"uagb-tm__image\"><img decoding=\"async\" class=\"uagb-tm-img-src\" src=\"https:\/\/dagobertovelasquez.com\/wp-content\/uploads\/2025\/04\/Captura-de-pantalla-2025-04-22-a-las-4.45.38\u202fp.-m.png\" alt=\"Cliente de Dagoberto Vel\u00e1squez Abogado nNicarag\u00fcense\" width=\"98\" height=\"102\" loading=\"lazy\"\/><\/div><\/div><div class=\"uagb-tm__text-wrap\"><div class=\"uagb-tm__desc\">I hired attorney Vel\u00e1squez for a unilateral divorce and was very satisfied with the results. He mailed the divorce certificate to my doorstep in Canada. I would definitely recommend him.<\/div><div class=\"uagb-tm__meta-inner\"><div class=\"uagb-testimonial-details\"><span class=\"uagb-tm__author-name\">Ian Bateman<\/span><span class=\"uagb-tm__company\">Canad\u00e1<\/span><\/div><\/div><\/div><\/div><\/div><\/div><\/div>\n<\/div><\/div>\n\n\n\n<div class=\"wp-block-uagb-container uagb-block-42f157ec alignfull uagb-is-root-container\"><div class=\"uagb-container-inner-blocks-wrap\"><\/div><\/div>\n\n\n\n<div class=\"wp-block-uagb-container uagb-block-d0290fb1 alignfull uagb-is-root-container\"><div class=\"uagb-container-inner-blocks-wrap\">\n<div data-aos= \"fade-right\" data-aos-duration=\"400\" data-aos-delay=\"0\" data-aos-easing=\"ease\" data-aos-once=\"true\" class=\"wp-block-uagb-info-box uagb-block-43642cab uagb-infobox__content-wrap  uagb-infobox-icon-above-title uagb-infobox-image-valign-top wp-block-uagb-info-box--has-margin\"><div class=\"uagb-infobox-margin-wrapper\"><div class=\"uagb-ifb-content\"><div class=\"uagb-ifb-title-wrap\"><h2 class=\"uagb-ifb-title\">I help you solve your legal problems.<\/h2><\/div><p class=\"uagb-ifb-desc\">Contact me for personalized and professional service.<\/p><div class=\"uagb-ifb-button-wrapper wp-block-button\"><a href=\"https:\/\/wa.link\/muj1z9\" class=\"uagb-infobox-cta-link wp-block-button__link\" target=\"_blank\" rel=\"noopener noreferrer\" onclick=\"return true;\"><span class=\"uagb-inline-editing\">Contact Me<\/span><\/a><\/div><\/div><\/div><\/div>\n<\/div><\/div>\n\n\n\n<p><\/p>","protected":false},"excerpt":{"rendered":"<p>Misi\u00f3n Brindar asesor\u00eda y representaci\u00f3n legal con integridad, eficiencia y compromiso, ofreciendo soluciones jur\u00eddicas personalizadas que garanticen la protecci\u00f3n de los derechos e intereses de nuestros clientes en cada etapa de su proceso legal. Visi\u00f3n Ser un referente de confianza y excelencia en el \u00e1mbito legal, reconocido por la calidad del servicio, la atenci\u00f3n humana [&hellip;]<\/p>","protected":false},"author":1,"featured_media":3194,"parent":0,"menu_order":0,"comment_status":"closed","ping_status":"closed","template":"","meta":{"_uag_custom_page_level_css":"","site-sidebar-layout":"no-sidebar","site-content-layout":"plain-container","ast-site-content-layout":"normal-width-container","site-content-style":"unboxed","site-sidebar-style":"unboxed","ast-global-header-display":"","ast-banner-title-visibility":"","ast-main-header-display":"","ast-hfb-above-header-display":"","ast-hfb-below-header-display":"","ast-hfb-mobile-header-display":"","site-post-title":"disabled","ast-breadcrumbs-content":"","ast-featured-img":"disabled","footer-sml-layout":"","theme-transparent-header-meta":"enabled","adv-header-id-meta":"","stick-header-meta":"","header-above-stick-meta":"","header-main-stick-meta":"","header-below-stick-meta":"","astra-migrate-meta-layouts":"set","ast-page-background-enabled":"default","ast-page-background-meta":{"desktop":{"background-color":"var(--ast-global-color-4)","background-image":"","background-repeat":"repeat","background-position":"center center","background-size":"auto","background-attachment":"scroll","background-type":"","background-media":"","overlay-type":"","overlay-color":"","overlay-opacity":"","overlay-gradient":""},"tablet":{"background-color":"","background-image":"","background-repeat":"repeat","background-position":"center center","background-size":"auto","background-attachment":"scroll","background-type":"","background-media":"","overlay-type":"","overlay-color":"","overlay-opacity":"","overlay-gradient":""},"mobile":{"background-color":"","background-image":"","background-repeat":"repeat","background-position":"center center","background-size":"auto","background-attachment":"scroll","background-type":"","background-media":"","overlay-type":"","overlay-color":"","overlay-opacity":"","overlay-gradient":""}},"ast-content-background-meta":{"desktop":{"background-color":"var(--ast-global-color-5)","background-image":"","background-repeat":"repeat","background-position":"center center","background-size":"auto","background-attachment":"scroll","background-type":"","background-media":"","overlay-type":"","overlay-color":"","overlay-opacity":"","overlay-gradient":""},"tablet":{"background-color":"var(--ast-global-color-5)","background-image":"","background-repeat":"repeat","background-position":"center center","background-size":"auto","background-attachment":"scroll","background-type":"","background-media":"","overlay-type":"","overlay-color":"","overlay-opacity":"","overlay-gradient":""},"mobile":{"background-color":"var(--ast-global-color-5)","background-image":"","background-repeat":"repeat","background-position":"center center","background-size":"auto","background-attachment":"scroll","background-type":"","background-media":"","overlay-type":"","overlay-color":"","overlay-opacity":"","overlay-gradient":""}},"footnotes":""},"class_list":["post-833","page","type-page","status-publish","has-post-thumbnail","hentry"],"aioseo_notices":[],"uagb_featured_image_src":{"full":["https:\/\/dagobertovelasquez.com\/wp-content\/uploads\/2025\/06\/Dago-Tiny-Imagen-Destacada.png",1100,550,false],"thumbnail":["https:\/\/dagobertovelasquez.com\/wp-content\/uploads\/2025\/06\/Dago-Tiny-Imagen-Destacada-150x150.png",150,150,true],"medium":["https:\/\/dagobertovelasquez.com\/wp-content\/uploads\/2025\/06\/Dago-Tiny-Imagen-Destacada-300x150.png",300,150,true],"medium_large":["https:\/\/dagobertovelasquez.com\/wp-content\/uploads\/2025\/06\/Dago-Tiny-Imagen-Destacada-768x384.png",768,384,true],"large":["https:\/\/dagobertovelasquez.com\/wp-content\/uploads\/2025\/06\/Dago-Tiny-Imagen-Destacada-1024x512.png",1024,512,true],"1536x1536":["https:\/\/dagobertovelasquez.com\/wp-content\/uploads\/2025\/06\/Dago-Tiny-Imagen-Destacada.png",1100,550,false],"2048x2048":["https:\/\/dagobertovelasquez.com\/wp-content\/uploads\/2025\/06\/Dago-Tiny-Imagen-Destacada.png",1100,550,false],"trp-custom-language-flag":["https:\/\/dagobertovelasquez.com\/wp-content\/uploads\/2025\/06\/Dago-Tiny-Imagen-Destacada-18x9.png",18,9,true]},"uagb_author_info":{"display_name":"dagovelasquez25@gmail.com","author_link":"https:\/\/dagobertovelasquez.com\/en\/author\/dagovelasquez25gmail-com\/"},"uagb_comment_info":0,"uagb_excerpt":"Misi\u00f3n Brindar asesor\u00eda y representaci\u00f3n legal con integridad, eficiencia y compromiso, ofreciendo soluciones jur\u00eddicas personalizadas que garanticen la protecci\u00f3n de los derechos e intereses de nuestros clientes en cada etapa de su proceso legal. Visi\u00f3n Ser un referente de confianza y excelencia en el \u00e1mbito legal, reconocido por la calidad del servicio, la atenci\u00f3n humana&hellip;","_links":{"self":[{"href":"https:\/\/dagobertovelasquez.com\/en\/wp-json\/wp\/v2\/pages\/833","targetHints":{"allow":["GET"]}}],"collection":[{"href":"https:\/\/dagobertovelasquez.com\/en\/wp-json\/wp\/v2\/pages"}],"about":[{"href":"https:\/\/dagobertovelasquez.com\/en\/wp-json\/wp\/v2\/types\/page"}],"author":[{"embeddable":true,"href":"https:\/\/dagobertovelasquez.com\/en\/wp-json\/wp\/v2\/users\/1"}],"replies":[{"embeddable":true,"href":"https:\/\/dagobertovelasquez.com\/en\/wp-json\/wp\/v2\/comments?post=833"}],"version-history":[{"count":175,"href":"https:\/\/dagobertovelasquez.com\/en\/wp-json\/wp\/v2\/pages\/833\/revisions"}],"predecessor-version":[{"id":3175,"href":"https:\/\/dagobertovelasquez.com\/en\/wp-json\/wp\/v2\/pages\/833\/revisions\/3175"}],"wp:featuredmedia":[{"embeddable":true,"href":"https:\/\/dagobertovelasquez.com\/en\/wp-json\/wp\/v2\/media\/3194"}],"wp:attachment":[{"href":"https:\/\/dagobertovelasquez.com\/en\/wp-json\/wp\/v2\/media?parent=833"}],"curies":[{"name":"wp","href":"https:\/\/api.w.org\/{rel}","templated":true}]}}