{"id":2675,"date":"2025-05-07T20:41:30","date_gmt":"2025-05-07T20:41:30","guid":{"rendered":"https:\/\/dagobertovelasquez.com\/?page_id=2675"},"modified":"2025-05-24T22:54:57","modified_gmt":"2025-05-24T22:54:57","slug":"blog-literario","status":"publish","type":"page","link":"https:\/\/dagobertovelasquez.com\/en\/blog-literario\/","title":{"rendered":"Literary Blog"},"content":{"rendered":"<div class=\"wp-block-cover has-parallax wp-duotone-unset-1\" style=\"margin-top:0;margin-bottom:0;min-height:924px;aspect-ratio:unset;\"><span aria-hidden=\"true\" class=\"wp-block-cover__background has-ast-global-color-2-background-color has-background-dim-60 has-background-dim\"><\/span><div role=\"img\" aria-label=\"old books, book, old, library, education, archive, book shelf, antique, old books, book, book, book, book, book, library, education, education\" class=\"wp-block-cover__image-background wp-image-2735 has-parallax\" style=\"background-position:50% 50%;background-image:url(https:\/\/dagobertovelasquez.com\/wp-content\/uploads\/2025\/05\/g0df144fd7f514450f350ee7c6d365710182106f7690b97a2a98c675ae0e79d3c56e774b2d77455b946a83283f299c62d_1280-436498.jpg)\"><\/div><div class=\"wp-block-cover__inner-container is-layout-constrained wp-container-core-cover-is-layout-1 wp-block-cover-is-layout-constrained\">\n<div data-aos= \"slide-right\" data-aos-duration=\"400\" data-aos-delay=\"0\" data-aos-easing=\"ease\" data-aos-once=\"true\" class=\"wp-block-uagb-info-box uagb-block-cd2517a4 uagb-infobox__content-wrap  uagb-infobox-icon-above-title uagb-infobox-image-valign-top wp-block-uagb-info-box--has-margin\"><div class=\"uagb-infobox-margin-wrapper\"><div class=\"uagb-ifb-content\"><div class=\"uagb-ifb-title-wrap\"><h1 class=\"uagb-ifb-title-prefix\">Welcome to my<\/h1><h1 class=\"uagb-ifb-title\">Literary Blog<\/h1><\/div><div class=\"uagb-ifb-desc\">\n<p class=\"has-ast-global-color-4-color has-text-color has-link-color wp-elements-b81c2bcdebb9c4c499477056d6d485d0\">Adem\u00e1s de ser un abogado litigante, soy escritor, es por ello que, en esta secci\u00f3n, quiero hablarte de mi libro de poes\u00eda, escritos y art\u00edculos literarios.<\/p>\n<\/div><div class=\"uagb-ifb-button-wrapper wp-block-button\"><a href=\"https:\/\/wa.link\/muj1z9\" class=\"uagb-infobox-cta-link wp-block-button__link\" target=\"_blank\" rel=\"noopener noreferrer\" onclick=\"return true;\"><span class=\"uagb-inline-editing\">Contact Me<\/span><\/a><\/div><\/div><\/div><\/div>\n<\/div><\/div>\n\n\n\n<div class=\"wp-block-query alignfull is-layout-flow wp-block-query-is-layout-flow\">\n<div class=\"wp-block-group alignfull is-layout-flow wp-block-group-is-layout-flow\" style=\"padding-top:var(--wp--preset--spacing--40);padding-right:var(--wp--preset--spacing--40);padding-bottom:var(--wp--preset--spacing--40);padding-left:var(--wp--preset--spacing--40)\"><\/div>\n<\/div>\n\n\n\n<div class=\"wp-block-query is-layout-flow wp-block-query-is-layout-flow\"><\/div>\n\n\n\n\t\t\t<div class=\"wp-block-uagb-post-grid uagb-post-grid  uagb-post__image-position-top uagb-post__image-enabled uagb-block-e9477f98     uagb-post__items uagb-post__columns-3 is-grid uagb-post__columns-tablet-2 uagb-post__columns-mobile-1 uagb-post__equal-height\" data-total=\"1\" style=\"\">\n\n\t\t\t\t\t\t\t\t\t\t\t\t<article class=\"uagb-post__inner-wrap\">\t\t\t\t\t\t\t\t<h4 class=\"uagb-post__title uagb-post__text\">\n\t\t\t\t<a href=\"https:\/\/dagobertovelasquez.com\/en\/hello-world\/\" target=\"_self\" rel=\"bookmark noopener noreferrer\">Prueba de Blog<\/a>\n\t\t\t<\/h4>\n\t\t\t\t\t\t<div class='uagb-post__text uagb-post-grid-byline'>\n\t\t\t\t\t\t\t\t<time datetime=\"2025-04-09T00:01:26+00:00\" class=\"uagb-post__date\">\n\t\t\t\t<span class=\"dashicons-calendar dashicons\"><\/span>\t\t\t\t\tApril 9, 2025\t\t\t\t<\/time>\n\t\t\t\t\t\t\t<span class=\"uagb-post__comment\">\n\t\t\t\t<span class=\"dashicons-admin-comments dashicons\"><\/span>\t\t\t\t\t1 Comment\t\t\t\t<\/span>\n\t\t\t\t\t\t<\/div>\n\t\t\t\t\t\t\t<div class='uagb-post__text uagb-post__excerpt'>\n\t\t\t\t\t<p>Hola, esta es una prueba de blog.<\/p>\n\t\t\t\t<\/div>\n\t\t\t\t\t\t<div class=\"uagb-post__text uagb-post__cta wp-block-button\">\n\t\t\t\t<a class=\"wp-block-button__link uagb-text-link\" style=\"\" href=\"https:\/\/dagobertovelasquez.com\/en\/hello-world\/\" target=\"_self\" rel=\"bookmark noopener noreferrer\">Read More<\/a>\n\t\t\t<\/div>\n\t\t\t\n\t\t\t\t\t\t\t\t\t<\/article>\n\t\t\t\t\t\t\t\t\t\t\t<\/div>","protected":false},"excerpt":{"rendered":"","protected":false},"author":1,"featured_media":2720,"parent":0,"menu_order":0,"comment_status":"closed","ping_status":"closed","template":"","meta":{"_uag_custom_page_level_css":"","site-sidebar-layout":"default","site-content-layout":"","ast-site-content-layout":"normal-width-container","site-content-style":"unboxed","site-sidebar-style":"default","ast-global-header-display":"","ast-banner-title-visibility":"","ast-main-header-display":"","ast-hfb-above-header-display":"","ast-hfb-below-header-display":"","ast-hfb-mobile-header-display":"","site-post-title":"disabled","ast-breadcrumbs-content":"","ast-featured-img":"","footer-sml-layout":"","theme-transparent-header-meta":"enabled","adv-header-id-meta":"","stick-header-meta":"","header-above-stick-meta":"","header-main-stick-meta":"","header-below-stick-meta":"","astra-migrate-meta-layouts":"set","ast-page-background-enabled":"default","ast-page-background-meta":{"desktop":{"background-color":"var(--ast-global-color-4)","background-image":"","background-repeat":"repeat","background-position":"center center","background-size":"auto","background-attachment":"scroll","background-type":"","background-media":"","overlay-type":"","overlay-color":"","overlay-opacity":"","overlay-gradient":""},"tablet":{"background-color":"","background-image":"","background-repeat":"repeat","background-position":"center center","background-size":"auto","background-attachment":"scroll","background-type":"","background-media":"","overlay-type":"","overlay-color":"","overlay-opacity":"","overlay-gradient":""},"mobile":{"background-color":"","background-image":"","background-repeat":"repeat","background-position":"center center","background-size":"auto","background-attachment":"scroll","background-type":"","background-media":"","overlay-type":"","overlay-color":"","overlay-opacity":"","overlay-gradient":""}},"ast-content-background-meta":{"desktop":{"background-color":"var(--ast-global-color-5)","background-image":"","background-repeat":"repeat","background-position":"center center","background-size":"auto","background-attachment":"scroll","background-type":"","background-media":"","overlay-type":"","overlay-color":"","overlay-opacity":"","overlay-gradient":""},"tablet":{"background-color":"var(--ast-global-color-5)","background-image":"","background-repeat":"repeat","background-position":"center center","background-size":"auto","background-attachment":"scroll","background-type":"","background-media":"","overlay-type":"","overlay-color":"","overlay-opacity":"","overlay-gradient":""},"mobile":{"background-color":"var(--ast-global-color-5)","background-image":"","background-repeat":"repeat","background-position":"center center","background-size":"auto","background-attachment":"scroll","background-type":"","background-media":"","overlay-type":"","overlay-color":"","overlay-opacity":"","overlay-gradient":""}},"footnotes":""},"class_list":["post-2675","page","type-page","status-publish","has-post-thumbnail","hentry"],"aioseo_notices":[],"uagb_featured_image_src":{"full":["https:\/\/dagobertovelasquez.com\/wp-content\/uploads\/2025\/05\/Diseno-sin-titulo-6.png",1800,525,false],"thumbnail":["https:\/\/dagobertovelasquez.com\/wp-content\/uploads\/2025\/05\/Diseno-sin-titulo-6-150x150.png",150,150,true],"medium":["https:\/\/dagobertovelasquez.com\/wp-content\/uploads\/2025\/05\/Diseno-sin-titulo-6-300x88.png",300,88,true],"medium_large":["https:\/\/dagobertovelasquez.com\/wp-content\/uploads\/2025\/05\/Diseno-sin-titulo-6-768x224.png",768,224,true],"large":["https:\/\/dagobertovelasquez.com\/wp-content\/uploads\/2025\/05\/Diseno-sin-titulo-6-1024x299.png",1024,299,true],"1536x1536":["https:\/\/dagobertovelasquez.com\/wp-content\/uploads\/2025\/05\/Diseno-sin-titulo-6-1536x448.png",1536,448,true],"2048x2048":["https:\/\/dagobertovelasquez.com\/wp-content\/uploads\/2025\/05\/Diseno-sin-titulo-6.png",1800,525,false],"trp-custom-language-flag":["https:\/\/dagobertovelasquez.com\/wp-content\/uploads\/2025\/05\/Diseno-sin-titulo-6-18x5.png",18,5,true]},"uagb_author_info":{"display_name":"dagovelasquez25@gmail.com","author_link":"https:\/\/dagobertovelasquez.com\/en\/author\/dagovelasquez25gmail-com\/"},"uagb_comment_info":0,"uagb_excerpt":null,"_links":{"self":[{"href":"https:\/\/dagobertovelasquez.com\/en\/wp-json\/wp\/v2\/pages\/2675","targetHints":{"allow":["GET"]}}],"collection":[{"href":"https:\/\/dagobertovelasquez.com\/en\/wp-json\/wp\/v2\/pages"}],"about":[{"href":"https:\/\/dagobertovelasquez.com\/en\/wp-json\/wp\/v2\/types\/page"}],"author":[{"embeddable":true,"href":"https:\/\/dagobertovelasquez.com\/en\/wp-json\/wp\/v2\/users\/1"}],"replies":[{"embeddable":true,"href":"https:\/\/dagobertovelasquez.com\/en\/wp-json\/wp\/v2\/comments?post=2675"}],"version-history":[{"count":39,"href":"https:\/\/dagobertovelasquez.com\/en\/wp-json\/wp\/v2\/pages\/2675\/revisions"}],"predecessor-version":[{"id":3187,"href":"https:\/\/dagobertovelasquez.com\/en\/wp-json\/wp\/v2\/pages\/2675\/revisions\/3187"}],"wp:featuredmedia":[{"embeddable":true,"href":"https:\/\/dagobertovelasquez.com\/en\/wp-json\/wp\/v2\/media\/2720"}],"wp:attachment":[{"href":"https:\/\/dagobertovelasquez.com\/en\/wp-json\/wp\/v2\/media?parent=2675"}],"curies":[{"name":"wp","href":"https:\/\/api.w.org\/{rel}","templated":true}]}}