{"id":2505,"date":"2025-04-24T00:39:11","date_gmt":"2025-04-24T00:39:11","guid":{"rendered":"https:\/\/dagobertovelasquez.com\/?page_id=2505"},"modified":"2025-05-24T22:54:34","modified_gmt":"2025-05-24T22:54:34","slug":"blog","status":"publish","type":"page","link":"https:\/\/dagobertovelasquez.com\/en\/blog\/","title":{"rendered":"Legal Blog"},"content":{"rendered":"<div class=\"wp-block-cover alignfull is-light has-parallax\" style=\"border-style:none;border-width:0px;padding-right:0;padding-left:0;min-height:240px;aspect-ratio:unset;\"><span aria-hidden=\"true\" class=\"wp-block-cover__background has-background-dim-80 has-background-dim\" style=\"background-color:#182434\"><\/span><div class=\"wp-block-cover__image-background wp-image-135 has-parallax\" style=\"background-position:50% 50%;background-image:url(https:\/\/dagobertovelasquez.com\/wp-content\/uploads\/2021\/03\/appointment-bg.jpg)\"><\/div><div class=\"wp-block-cover__inner-container is-layout-flow wp-block-cover-is-layout-flow\">\n<h2 class=\"wp-block-heading has-text-align-center has-text-color\" style=\"color:#ffffff\"><\/h2>\n\n\n\n<p class=\"has-text-align-center has-text-color\" style=\"color:#ffffff\"><\/p>\n\n\n\n<div class=\"wp-block-buttons is-horizontal is-content-justification-center is-layout-flex wp-container-core-buttons-is-layout-1 wp-block-buttons-is-layout-flex\"><\/div>\n<\/div><\/div>\n\n\n\n<div class=\"wp-block-uagb-container uagb-block-494c42c4 alignfull uagb-is-root-container\"><div class=\"uagb-container-inner-blocks-wrap\">\n<div data-aos= \"slide-right\" data-aos-duration=\"400\" data-aos-delay=\"0\" data-aos-easing=\"ease\" data-aos-once=\"true\" class=\"wp-block-uagb-info-box uagb-block-cd2517a4 uagb-infobox__content-wrap  uagb-infobox-icon-above-title uagb-infobox-image-valign-top wp-block-uagb-info-box--has-margin\"><div class=\"uagb-infobox-margin-wrapper\"><div class=\"uagb-ifb-content\"><div class=\"uagb-ifb-title-wrap\"><h1 class=\"uagb-ifb-title-prefix\">Welcome to my<\/h1><h1 class=\"uagb-ifb-title\">Legal Blog<\/h1><\/div><p class=\"uagb-ifb-desc\">Here you will find articles dedicated to Law and Notary Public in Nicaragua.<\/p><div class=\"uagb-ifb-button-wrapper wp-block-button\"><a href=\"#https:\/\/wa.link\/muj1z9\" class=\"uagb-infobox-cta-link wp-block-button__link\" target=\"_self\" rel=\"noopener noreferrer\" onclick=\"return true;\"><span class=\"uagb-inline-editing\">Contact Me<\/span><\/a><\/div><\/div><\/div><\/div>\n<\/div><\/div>\n\n\n\n<div class=\"wp-block-uagb-container uagb-block-5fcee4f8 alignfull uagb-is-root-container\"><div class=\"uagb-container-inner-blocks-wrap\">\n<div data-aos= \"slide-right\" data-aos-duration=\"400\" data-aos-delay=\"0\" data-aos-easing=\"ease\" data-aos-once=\"true\" class=\"wp-block-uagb-advanced-heading uagb-block-2b5f3149\"><h2 class=\"uagb-heading-text\">Welcome to Dagoberto Velasquez's Blog<\/h2><div class=\"uagb-separator\"><\/div><\/div>\n\n\n\n<div class=\"wp-block-query alignfull is-layout-flow wp-block-query-is-layout-flow\">\n\t\t\t<div class=\"wp-block-uagb-post-grid uagb-post-grid  uagb-post__image-position-top uagb-post__image-enabled uagb-block-e7581ad2     uagb-post__items uagb-post__columns-3 is-grid uagb-post__columns-tablet-2 uagb-post__columns-mobile-1 uagb-post__equal-height\" data-total=\"1\" style=\"\">\n\n\t\t\t\t\t\t\t\t\t\t\t\t<article class=\"uagb-post__inner-wrap\">\t\t\t\t\t\t\t\t<div class='uagb-post__image'>\n\t\t\t\t\t\t\t\t\t<a href=\"https:\/\/dagobertovelasquez.com\/en\/abogacia-y-notaria-publica-en-nicaragua\/\" target=\"_self\" rel=\"bookmark noopener noreferrer\" class='uagb-image-ratio-inherit'><img loading=\"lazy\" decoding=\"async\" width=\"819\" height=\"1024\" src=\"https:\/\/dagobertovelasquez.com\/wp-content\/uploads\/2025\/04\/HDG-Dagoberto-Velazquez-Ejecutivo-8-819x1024.jpg\" class=\"attachment-large size-large\" alt=\"\" srcset=\"https:\/\/dagobertovelasquez.com\/wp-content\/uploads\/2025\/04\/HDG-Dagoberto-Velazquez-Ejecutivo-8-819x1024.jpg 819w, https:\/\/dagobertovelasquez.com\/wp-content\/uploads\/2025\/04\/HDG-Dagoberto-Velazquez-Ejecutivo-8-240x300.jpg 240w, https:\/\/dagobertovelasquez.com\/wp-content\/uploads\/2025\/04\/HDG-Dagoberto-Velazquez-Ejecutivo-8-768x960.jpg 768w, https:\/\/dagobertovelasquez.com\/wp-content\/uploads\/2025\/04\/HDG-Dagoberto-Velazquez-Ejecutivo-8-1229x1536.jpg 1229w, https:\/\/dagobertovelasquez.com\/wp-content\/uploads\/2025\/04\/HDG-Dagoberto-Velazquez-Ejecutivo-8-1638x2048.jpg 1638w, https:\/\/dagobertovelasquez.com\/wp-content\/uploads\/2025\/04\/HDG-Dagoberto-Velazquez-Ejecutivo-8-scaled.jpg 2048w\" sizes=\"auto, (max-width: 819px) 100vw, 819px\" \/>\t\t\t\t\t<\/a>\n\t\t\t\t\t\t\t<\/div>\n\t\t\t\t\t\t<h4 class=\"uagb-post__title uagb-post__text\">\n\t\t\t\t<a href=\"https:\/\/dagobertovelasquez.com\/en\/abogacia-y-notaria-publica-en-nicaragua\/\" target=\"_self\" rel=\"bookmark noopener noreferrer\">Abogac\u00eda Y notaria P\u00fablica en Nicaragua<\/a>\n\t\t\t<\/h4>\n\t\t\t\t\t\t<div class='uagb-post__text uagb-post-grid-byline'>\n\t\t\t\t\t\t\t\t<time datetime=\"2025-04-28T21:51:52+00:00\" class=\"uagb-post__date\">\n\t\t\t\t<span class=\"dashicons-calendar dashicons\"><\/span>\t\t\t\t\tApril 28, 2025\t\t\t\t<\/time>\n\t\t\t\t\t\t\t<span class=\"uagb-post__comment\">\n\t\t\t\t<span class=\"dashicons-admin-comments dashicons\"><\/span>\t\t\t\t\tNo Comments\t\t\t\t<\/span>\n\t\t\t\t\t\t<\/div>\n\t\t\t\t\t\t\t<div class='uagb-post__text uagb-post__excerpt'>\n\t\t\t\t\t<p>Hola, soy el abogado Dagoberto Vel\u00e1squez y hoy te quiero hablar sobre la notar\u00eda p\u00fablica&#8230;\t\t\t\t<\/div>\n\t\t\t\t\t\t<div class=\"uagb-post__text uagb-post__cta wp-block-button\">\n\t\t\t\t<a class=\"wp-block-button__link uagb-text-link\" style=\"\" href=\"https:\/\/dagobertovelasquez.com\/en\/abogacia-y-notaria-publica-en-nicaragua\/\" target=\"_self\" rel=\"bookmark noopener noreferrer\">Read More<\/a>\n\t\t\t<\/div>\n\t\t\t\n\t\t\t\t\t\t\t\t\t<\/article>\n\t\t\t\t\t\t\t\t\t\t\t<\/div>\n\t\t\t\n\n\n<div class=\"wp-block-group is-layout-flow wp-block-group-is-layout-flow\" style=\"margin-top:0;margin-bottom:0;padding-top:var(--wp--preset--spacing--30);padding-right:16px;padding-bottom:var(--wp--preset--spacing--30);padding-left:16px\"><\/div>\n<\/div>\n<\/div><\/div>","protected":false},"excerpt":{"rendered":"<p>Welcome to Dagoberto Velasquez's Blog<\/p>","protected":false},"author":1,"featured_media":2290,"parent":0,"menu_order":0,"comment_status":"closed","ping_status":"closed","template":"","meta":{"_uag_custom_page_level_css":"","site-sidebar-layout":"default","site-content-layout":"","ast-site-content-layout":"default","site-content-style":"unboxed","site-sidebar-style":"default","ast-global-header-display":"","ast-banner-title-visibility":"","ast-main-header-display":"","ast-hfb-above-header-display":"","ast-hfb-below-header-display":"","ast-hfb-mobile-header-display":"","site-post-title":"disabled","ast-breadcrumbs-content":"","ast-featured-img":"","footer-sml-layout":"","theme-transparent-header-meta":"enabled","adv-header-id-meta":"","stick-header-meta":"","header-above-stick-meta":"","header-main-stick-meta":"","header-below-stick-meta":"","astra-migrate-meta-layouts":"set","ast-page-background-enabled":"default","ast-page-background-meta":{"desktop":{"background-color":"var(--ast-global-color-4)","background-image":"","background-repeat":"repeat","background-position":"center center","background-size":"auto","background-attachment":"scroll","background-type":"","background-media":"","overlay-type":"","overlay-color":"","overlay-opacity":"","overlay-gradient":""},"tablet":{"background-color":"","background-image":"","background-repeat":"repeat","background-position":"center center","background-size":"auto","background-attachment":"scroll","background-type":"","background-media":"","overlay-type":"","overlay-color":"","overlay-opacity":"","overlay-gradient":""},"mobile":{"background-color":"","background-image":"","background-repeat":"repeat","background-position":"center center","background-size":"auto","background-attachment":"scroll","background-type":"","background-media":"","overlay-type":"","overlay-color":"","overlay-opacity":"","overlay-gradient":""}},"ast-content-background-meta":{"desktop":{"background-color":"var(--ast-global-color-5)","background-image":"","background-repeat":"repeat","background-position":"center center","background-size":"auto","background-attachment":"scroll","background-type":"","background-media":"","overlay-type":"","overlay-color":"","overlay-opacity":"","overlay-gradient":""},"tablet":{"background-color":"var(--ast-global-color-5)","background-image":"","background-repeat":"repeat","background-position":"center center","background-size":"auto","background-attachment":"scroll","background-type":"","background-media":"","overlay-type":"","overlay-color":"","overlay-opacity":"","overlay-gradient":""},"mobile":{"background-color":"var(--ast-global-color-5)","background-image":"","background-repeat":"repeat","background-position":"center center","background-size":"auto","background-attachment":"scroll","background-type":"","background-media":"","overlay-type":"","overlay-color":"","overlay-opacity":"","overlay-gradient":""}},"footnotes":""},"class_list":["post-2505","page","type-page","status-publish","has-post-thumbnail","hentry"],"aioseo_notices":[],"uagb_featured_image_src":{"full":["https:\/\/dagobertovelasquez.com\/wp-content\/uploads\/2025\/04\/HDG-Dagoberto-Velazquez-Ejecutivo-4-scaled.jpg",2048,2560,false],"thumbnail":["https:\/\/dagobertovelasquez.com\/wp-content\/uploads\/2025\/04\/HDG-Dagoberto-Velazquez-Ejecutivo-4-150x150.jpg",150,150,true],"medium":["https:\/\/dagobertovelasquez.com\/wp-content\/uploads\/2025\/04\/HDG-Dagoberto-Velazquez-Ejecutivo-4-240x300.jpg",240,300,true],"medium_large":["https:\/\/dagobertovelasquez.com\/wp-content\/uploads\/2025\/04\/HDG-Dagoberto-Velazquez-Ejecutivo-4-768x960.jpg",768,960,true],"large":["https:\/\/dagobertovelasquez.com\/wp-content\/uploads\/2025\/04\/HDG-Dagoberto-Velazquez-Ejecutivo-4-819x1024.jpg",819,1024,true],"1536x1536":["https:\/\/dagobertovelasquez.com\/wp-content\/uploads\/2025\/04\/HDG-Dagoberto-Velazquez-Ejecutivo-4-1229x1536.jpg",1229,1536,true],"2048x2048":["https:\/\/dagobertovelasquez.com\/wp-content\/uploads\/2025\/04\/HDG-Dagoberto-Velazquez-Ejecutivo-4-1638x2048.jpg",1638,2048,true],"trp-custom-language-flag":["https:\/\/dagobertovelasquez.com\/wp-content\/uploads\/2025\/04\/HDG-Dagoberto-Velazquez-Ejecutivo-4-scaled.jpg",10,12,false]},"uagb_author_info":{"display_name":"dagovelasquez25@gmail.com","author_link":"https:\/\/dagobertovelasquez.com\/en\/author\/dagovelasquez25gmail-com\/"},"uagb_comment_info":0,"uagb_excerpt":"Bienvenido al Blog de Dagoberto Vel\u00e1squez","_links":{"self":[{"href":"https:\/\/dagobertovelasquez.com\/en\/wp-json\/wp\/v2\/pages\/2505","targetHints":{"allow":["GET"]}}],"collection":[{"href":"https:\/\/dagobertovelasquez.com\/en\/wp-json\/wp\/v2\/pages"}],"about":[{"href":"https:\/\/dagobertovelasquez.com\/en\/wp-json\/wp\/v2\/types\/page"}],"author":[{"embeddable":true,"href":"https:\/\/dagobertovelasquez.com\/en\/wp-json\/wp\/v2\/users\/1"}],"replies":[{"embeddable":true,"href":"https:\/\/dagobertovelasquez.com\/en\/wp-json\/wp\/v2\/comments?post=2505"}],"version-history":[{"count":28,"href":"https:\/\/dagobertovelasquez.com\/en\/wp-json\/wp\/v2\/pages\/2505\/revisions"}],"predecessor-version":[{"id":3186,"href":"https:\/\/dagobertovelasquez.com\/en\/wp-json\/wp\/v2\/pages\/2505\/revisions\/3186"}],"wp:featuredmedia":[{"embeddable":true,"href":"https:\/\/dagobertovelasquez.com\/en\/wp-json\/wp\/v2\/media\/2290"}],"wp:attachment":[{"href":"https:\/\/dagobertovelasquez.com\/en\/wp-json\/wp\/v2\/media?parent=2505"}],"curies":[{"name":"wp","href":"https:\/\/api.w.org\/{rel}","templated":true}]}}